{"id":372,"date":"2022-12-16T09:31:42","date_gmt":"2022-12-16T08:31:42","guid":{"rendered":"https:\/\/villasferadolce.com\/?page_id=372"},"modified":"2026-01-27T08:56:07","modified_gmt":"2026-01-27T07:56:07","slug":"a-propos-de-nous","status":"publish","type":"page","link":"https:\/\/degrootesocieteit.com\/fr\/over-ons\/","title":{"rendered":"A propos de nous"},"content":{"rendered":"<div data-elementor-type=\"wp-page\" data-elementor-id=\"372\" class=\"elementor elementor-372\" data-elementor-post-type=\"page\">\n\t\t\t\t<div class=\"elementor-element elementor-element-3591d48 e-con-full e-flex e-con e-parent\" data-id=\"3591d48\" data-element_type=\"container\" data-e-type=\"container\" data-settings=\"{&quot;jet_parallax_layout_list&quot;:[],&quot;background_background&quot;:&quot;gradient&quot;}\">\n\t\t<div class=\"elementor-element elementor-element-914c894 e-con-full e-flex e-con e-child\" data-id=\"914c894\" data-element_type=\"container\" data-e-type=\"container\" data-settings=\"{&quot;background_background&quot;:&quot;classic&quot;,&quot;jet_parallax_layout_list&quot;:[]}\">\n\t\t\t\t<\/div>\n\t\t\t\t<\/div>\n\t\t<div class=\"elementor-element elementor-element-51360c1 e-flex e-con-boxed e-con e-parent\" data-id=\"51360c1\" data-element_type=\"container\" data-e-type=\"container\" data-settings=\"{&quot;jet_parallax_layout_list&quot;:[],&quot;background_background&quot;:&quot;classic&quot;}\">\n\t\t\t\t\t<div class=\"e-con-inner\">\n\t\t<div class=\"elementor-element elementor-element-05cf377 e-con-full e-flex e-con e-child\" data-id=\"05cf377\" data-element_type=\"container\" data-e-type=\"container\" data-settings=\"{&quot;jet_parallax_layout_list&quot;:[],&quot;background_background&quot;:&quot;classic&quot;}\">\n\t\t<div class=\"elementor-element elementor-element-3832c8d e-con-full e-flex elementor-invisible e-con e-child\" data-id=\"3832c8d\" data-element_type=\"container\" data-e-type=\"container\" data-settings=\"{&quot;jet_parallax_layout_list&quot;:[],&quot;animation&quot;:&quot;fadeInRight&quot;}\">\n\t\t\t\t<div class=\"elementor-element elementor-element-effb49a elementor-widget elementor-widget-heading\" data-id=\"effb49a\" data-element_type=\"widget\" data-e-type=\"widget\" data-widget_type=\"heading.default\">\n\t\t\t\t<div class=\"elementor-widget-container\">\n\t\t\t\t\t<h2 class=\"elementor-heading-title elementor-size-default\">\u00c0 propos de la soci\u00e9t\u00e9<\/h2>\t\t\t\t<\/div>\n\t\t\t\t<\/div>\n\t\t\t\t<div class=\"elementor-element elementor-element-d0eeda0 elementor-widget elementor-widget-text-editor\" data-id=\"d0eeda0\" data-element_type=\"widget\" data-e-type=\"widget\" data-widget_type=\"text-editor.default\">\n\t\t\t\t<div class=\"elementor-widget-container\">\n\t\t\t\t\t\t\t\t\t<p><a href=\"https:\/\/www.grootesocieteit-maastricht.nl\/\" target=\"_blank\" rel=\"noopener\">La Groote Soci\u00ebteit et l'Association d'Eglantier <\/a>\u00e0 Maastricht, fond\u00e9 en 1760, \u00e9tait un club d'hommes exclusif qui comptait parmi ses membres des citoyens \u00e9minents, des chanoines et des soldats. Dans un cadre \u00e9l\u00e9gant et raffin\u00e9, les membres se r\u00e9unissaient pour prendre un verre, jouer aux cartes et au billard, et faire des comm\u00e9rages. La soci\u00e9t\u00e9 \u00e9tait \u00e9galement tr\u00e8s impliqu\u00e9e dans la vie culturelle de la ville, avec des actionnaires dans le th\u00e9\u00e2tre de la ville et une impressionnante collection de journaux et de magazines. Pour plus d'informations sur la soci\u00e9t\u00e9 actuelle, visitez le site : <a href=\"https:\/\/www.grootesocieteit-maastricht.nl\/\" target=\"_blank\" rel=\"noopener\">https:\/\/www.grootesocieteit-maastricht.nl\/\u00a0<\/a><\/p>\t\t\t\t\t\t\t\t<\/div>\n\t\t\t\t<\/div>\n\t\t\t\t<\/div>\n\t\t\t\t<\/div>\n\t\t\t\t\t<\/div>\n\t\t\t\t<\/div>\n\t\t<div class=\"elementor-element elementor-element-665ce0a8 e-flex e-con-boxed e-con e-parent\" data-id=\"665ce0a8\" data-element_type=\"container\" data-e-type=\"container\" data-settings=\"{&quot;jet_parallax_layout_list&quot;:[],&quot;background_background&quot;:&quot;classic&quot;}\">\n\t\t\t\t\t<div class=\"e-con-inner\">\n\t\t<div class=\"elementor-element elementor-element-f598462 e-con-full e-flex e-con e-child\" data-id=\"f598462\" data-element_type=\"container\" data-e-type=\"container\" data-settings=\"{&quot;jet_parallax_layout_list&quot;:[]}\">\n\t\t<div class=\"elementor-element elementor-element-d6e1109 e-con-full e-flex e-con e-child\" data-id=\"d6e1109\" data-element_type=\"container\" data-e-type=\"container\" data-settings=\"{&quot;jet_parallax_layout_list&quot;:[],&quot;background_background&quot;:&quot;classic&quot;}\">\n\t\t\t\t<div class=\"elementor-element elementor-element-84d85b4 elementor-widget elementor-widget-image\" data-id=\"84d85b4\" data-element_type=\"widget\" data-e-type=\"widget\" data-widget_type=\"image.default\">\n\t\t\t\t<div class=\"elementor-widget-container\">\n\t\t\t\t\t\t\t\t\t\t\t\t\t\t\t<img fetchpriority=\"high\" decoding=\"async\" width=\"1920\" height=\"1280\" src=\"https:\/\/degrootesocieteit.com\/wp-content\/uploads\/2025\/04\/thumbnail_005_EnriqueMeesters_C-Forward_Demi-Joeri_HR_20250223.jpg\" class=\"attachment-full size-full wp-image-1727\" alt=\"\" srcset=\"https:\/\/degrootesocieteit.com\/wp-content\/uploads\/2025\/04\/thumbnail_005_EnriqueMeesters_C-Forward_Demi-Joeri_HR_20250223.jpg 1920w, https:\/\/degrootesocieteit.com\/wp-content\/uploads\/2025\/04\/thumbnail_005_EnriqueMeesters_C-Forward_Demi-Joeri_HR_20250223-300x200.jpg 300w, https:\/\/degrootesocieteit.com\/wp-content\/uploads\/2025\/04\/thumbnail_005_EnriqueMeesters_C-Forward_Demi-Joeri_HR_20250223-1024x683.jpg 1024w, https:\/\/degrootesocieteit.com\/wp-content\/uploads\/2025\/04\/thumbnail_005_EnriqueMeesters_C-Forward_Demi-Joeri_HR_20250223-768x512.jpg 768w, https:\/\/degrootesocieteit.com\/wp-content\/uploads\/2025\/04\/thumbnail_005_EnriqueMeesters_C-Forward_Demi-Joeri_HR_20250223-1536x1024.jpg 1536w, https:\/\/degrootesocieteit.com\/wp-content\/uploads\/2025\/04\/thumbnail_005_EnriqueMeesters_C-Forward_Demi-Joeri_HR_20250223-18x12.jpg 18w\" sizes=\"(max-width: 1920px) 100vw, 1920px\" \/>\t\t\t\t\t\t\t\t\t\t\t\t\t\t\t<\/div>\n\t\t\t\t<\/div>\n\t\t\t\t<\/div>\n\t\t<div class=\"elementor-element elementor-element-bad149d e-con-full e-flex e-con e-child\" data-id=\"bad149d\" data-element_type=\"container\" data-e-type=\"container\" data-settings=\"{&quot;jet_parallax_layout_list&quot;:[],&quot;background_background&quot;:&quot;classic&quot;}\">\n\t\t\t\t<div class=\"elementor-element elementor-element-3bbae190 elementor-widget elementor-widget-heading\" data-id=\"3bbae190\" data-element_type=\"widget\" data-e-type=\"widget\" data-widget_type=\"heading.default\">\n\t\t\t\t<div class=\"elementor-widget-container\">\n\t\t\t\t\t<h2 class=\"elementor-heading-title elementor-size-default\">3 Salles magnifiques<\/h2>\t\t\t\t<\/div>\n\t\t\t\t<\/div>\n\t\t\t\t<div class=\"elementor-element elementor-element-44067533 elementor-widget elementor-widget-text-editor\" data-id=\"44067533\" data-element_type=\"widget\" data-e-type=\"widget\" data-widget_type=\"text-editor.default\">\n\t\t\t\t<div class=\"elementor-widget-container\">\n\t\t\t\t\t\t\t\t\t<p>Le Groote Soci\u00ebteit dispose de trois salles uniques avec leur propre charme et leur exclusivit\u00e9. Au rez-de-chauss\u00e9e se trouve le Balzaal, qui donne sur la romantique place Vrijthof. Attenant \u00e0 la salle de bal se trouve le salon avec un bar classique. Au premier \u00e9tage se trouve la salle de r\u00e9union avec son propre bar et ses propres installations sanitaires.\u00a0<\/p>\t\t\t\t\t\t\t\t<\/div>\n\t\t\t\t<\/div>\n\t\t\t\t<div class=\"elementor-element elementor-element-6ac8f49 elementor-widget elementor-widget-spacer\" data-id=\"6ac8f49\" data-element_type=\"widget\" data-e-type=\"widget\" data-widget_type=\"spacer.default\">\n\t\t\t\t<div class=\"elementor-widget-container\">\n\t\t\t\t\t\t\t<div class=\"elementor-spacer\">\n\t\t\t<div class=\"elementor-spacer-inner\"><\/div>\n\t\t<\/div>\n\t\t\t\t\t\t<\/div>\n\t\t\t\t<\/div>\n\t\t\t\t<div class=\"elementor-element elementor-element-35a00088 elementor-widget elementor-widget-heading\" data-id=\"35a00088\" data-element_type=\"widget\" data-e-type=\"widget\" data-widget_type=\"heading.default\">\n\t\t\t\t<div class=\"elementor-widget-container\">\n\t\t\t\t\t<h2 class=\"elementor-heading-title elementor-size-default\">Pour tout type d'\u00e9v\u00e9nement<\/h2>\t\t\t\t<\/div>\n\t\t\t\t<\/div>\n\t\t\t\t<div class=\"elementor-element elementor-element-520f12e4 elementor-widget elementor-widget-text-editor\" data-id=\"520f12e4\" data-element_type=\"widget\" data-e-type=\"widget\" data-widget_type=\"text-editor.default\">\n\t\t\t\t<div class=\"elementor-widget-container\">\n\t\t\t\t\t\t\t\t\t<p>Gr\u00e2ce \u00e0 sa situation centrale et magnifique, la Groote Soci\u00ebteit est un lieu unique pour organiser des conf\u00e9rences, des r\u00e9ceptions, des pr\u00e9sentations, des r\u00e9unions et des tables rondes. Les salles \u00e9l\u00e9gantes offrent une ambiance merveilleuse pour les f\u00eates, les (baby) drinks et les spectacles. Vous recevrez vos invit\u00e9s, clients ou employ\u00e9s dans une atmosph\u00e8re du 19e si\u00e8cle avec tous les \u00e9quipements modernes.<\/p>\t\t\t\t\t\t\t\t<\/div>\n\t\t\t\t<\/div>\n\t\t\t\t<div class=\"elementor-element elementor-element-ce226ea elementor-widget elementor-widget-spacer\" data-id=\"ce226ea\" data-element_type=\"widget\" data-e-type=\"widget\" data-widget_type=\"spacer.default\">\n\t\t\t\t<div class=\"elementor-widget-container\">\n\t\t\t\t\t\t\t<div class=\"elementor-spacer\">\n\t\t\t<div class=\"elementor-spacer-inner\"><\/div>\n\t\t<\/div>\n\t\t\t\t\t\t<\/div>\n\t\t\t\t<\/div>\n\t\t\t\t<\/div>\n\t\t\t\t<\/div>\n\t\t\t\t\t<\/div>\n\t\t\t\t<\/div>\n\t\t<div class=\"elementor-element elementor-element-6709c217 e-flex e-con-boxed e-con e-parent\" data-id=\"6709c217\" data-element_type=\"container\" data-e-type=\"container\" data-settings=\"{&quot;background_background&quot;:&quot;classic&quot;,&quot;jet_parallax_layout_list&quot;:[]}\">\n\t\t\t\t\t<div class=\"e-con-inner\">\n\t\t<div class=\"elementor-element elementor-element-f47df1 e-con-full e-flex e-con e-child\" data-id=\"f47df1\" data-element_type=\"container\" data-e-type=\"container\" data-settings=\"{&quot;jet_parallax_layout_list&quot;:[]}\">\n\t\t\t\t<div class=\"elementor-element elementor-element-69302a90 elementor-widget elementor-widget-text-editor\" data-id=\"69302a90\" data-element_type=\"widget\" data-e-type=\"widget\" data-widget_type=\"text-editor.default\">\n\t\t\t\t<div class=\"elementor-widget-container\">\n\t\t\t\t\t\t\t\t\t<p>Une histoire merveilleuse<\/p>\t\t\t\t\t\t\t\t<\/div>\n\t\t\t\t<\/div>\n\t\t\t\t<div class=\"elementor-element elementor-element-56c0aed6 elementor-widget elementor-widget-heading\" data-id=\"56c0aed6\" data-element_type=\"widget\" data-e-type=\"widget\" data-widget_type=\"heading.default\">\n\t\t\t\t<div class=\"elementor-widget-container\">\n\t\t\t\t\t<h2 class=\"elementor-heading-title elementor-size-default\">Patrimoine culturel<\/h2>\t\t\t\t<\/div>\n\t\t\t\t<\/div>\n\t\t\t\t<div class=\"elementor-element elementor-element-391e5006 elementor-widget elementor-widget-text-editor\" data-id=\"391e5006\" data-element_type=\"widget\" data-e-type=\"widget\" data-widget_type=\"text-editor.default\">\n\t\t\t\t<div class=\"elementor-widget-container\">\n\t\t\t\t\t\t\t\t\t<p>Outre ses activit\u00e9s dans la ville, l'association poss\u00e9dait \u00e9galement une belle maison de campagne appel\u00e9e Slavante, o\u00f9 des concerts en plein air \u00e9taient organis\u00e9s. Pendant la Seconde Guerre mondiale, le b\u00e2timent a \u00e9t\u00e9 endommag\u00e9 et pill\u00e9, mais apr\u00e8s la guerre, la soci\u00e9t\u00e9 s'est r\u00e9tablie et a continu\u00e9 \u00e0 se d\u00e9velopper. Aujourd'hui, l'adh\u00e9sion est plus accessible et la Groote Soci\u00ebteit reste un \u00e9l\u00e9ment dynamique du patrimoine culturel de Maastricht, o\u00f9 les membres se r\u00e9unissent pour perp\u00e9tuer les traditions et profiter de la chaleureuse camaraderie offerte par cette soci\u00e9t\u00e9 historique.<\/p>\t\t\t\t\t\t\t\t<\/div>\n\t\t\t\t<\/div>\n\t\t\t\t<\/div>\n\t\t<div class=\"elementor-element elementor-element-3a0494f2 e-con-full e-flex e-con e-child\" data-id=\"3a0494f2\" data-element_type=\"container\" data-e-type=\"container\" data-settings=\"{&quot;jet_parallax_layout_list&quot;:[]}\">\n\t\t\t\t<div class=\"elementor-element elementor-element-1329b306 elementor-widget elementor-widget-image\" data-id=\"1329b306\" data-element_type=\"widget\" data-e-type=\"widget\" data-widget_type=\"image.default\">\n\t\t\t\t<div class=\"elementor-widget-container\">\n\t\t\t\t\t\t\t\t\t\t\t\t\t\t\t<img decoding=\"async\" width=\"2560\" height=\"1707\" src=\"https:\/\/degrootesocieteit.com\/wp-content\/uploads\/2026\/01\/058_EnriqueMeesters_DeGrooteSociteit_HR_20251105-1.webp\" class=\"attachment-full size-full wp-image-1759\" alt=\"\" srcset=\"https:\/\/degrootesocieteit.com\/wp-content\/uploads\/2026\/01\/058_EnriqueMeesters_DeGrooteSociteit_HR_20251105-1.webp 2560w, https:\/\/degrootesocieteit.com\/wp-content\/uploads\/2026\/01\/058_EnriqueMeesters_DeGrooteSociteit_HR_20251105-1-300x200.webp 300w, https:\/\/degrootesocieteit.com\/wp-content\/uploads\/2026\/01\/058_EnriqueMeesters_DeGrooteSociteit_HR_20251105-1-1024x683.webp 1024w, https:\/\/degrootesocieteit.com\/wp-content\/uploads\/2026\/01\/058_EnriqueMeesters_DeGrooteSociteit_HR_20251105-1-768x512.webp 768w, https:\/\/degrootesocieteit.com\/wp-content\/uploads\/2026\/01\/058_EnriqueMeesters_DeGrooteSociteit_HR_20251105-1-1536x1024.webp 1536w, https:\/\/degrootesocieteit.com\/wp-content\/uploads\/2026\/01\/058_EnriqueMeesters_DeGrooteSociteit_HR_20251105-1-2048x1366.webp 2048w, https:\/\/degrootesocieteit.com\/wp-content\/uploads\/2026\/01\/058_EnriqueMeesters_DeGrooteSociteit_HR_20251105-1-18x12.webp 18w\" sizes=\"(max-width: 2560px) 100vw, 2560px\" \/>\t\t\t\t\t\t\t\t\t\t\t\t\t\t\t<\/div>\n\t\t\t\t<\/div>\n\t\t\t\t<\/div>\n\t\t\t\t\t<\/div>\n\t\t\t\t<\/div>\n\t\t\t\t<\/div>","protected":false},"excerpt":{"rendered":"<p>Over de soci\u00ebteit De Vereniging Groote Soci\u00ebteit en d&#8217; Eglantier in Maastricht, opgericht in 1760, was een exclusieve mannenclub waar vooraanstaande burgers, kanunniken en militairen lid van waren. In een elegante en verfijnde omgeving kwamen de leden samen om te genieten van drankjes, kaartspellen en biljart, en om te roddelen. De soci\u00ebteit had ook een [&hellip;]<\/p>\n","protected":false},"author":1,"featured_media":0,"parent":0,"menu_order":0,"comment_status":"closed","ping_status":"closed","template":"elementor_header_footer","meta":{"footnotes":""},"class_list":["post-372","page","type-page","status-publish","hentry"],"_links":{"self":[{"href":"https:\/\/degrootesocieteit.com\/fr\/wp-json\/wp\/v2\/pages\/372","targetHints":{"allow":["GET"]}}],"collection":[{"href":"https:\/\/degrootesocieteit.com\/fr\/wp-json\/wp\/v2\/pages"}],"about":[{"href":"https:\/\/degrootesocieteit.com\/fr\/wp-json\/wp\/v2\/types\/page"}],"author":[{"embeddable":true,"href":"https:\/\/degrootesocieteit.com\/fr\/wp-json\/wp\/v2\/users\/1"}],"replies":[{"embeddable":true,"href":"https:\/\/degrootesocieteit.com\/fr\/wp-json\/wp\/v2\/comments?post=372"}],"version-history":[{"count":8,"href":"https:\/\/degrootesocieteit.com\/fr\/wp-json\/wp\/v2\/pages\/372\/revisions"}],"predecessor-version":[{"id":1762,"href":"https:\/\/degrootesocieteit.com\/fr\/wp-json\/wp\/v2\/pages\/372\/revisions\/1762"}],"wp:attachment":[{"href":"https:\/\/degrootesocieteit.com\/fr\/wp-json\/wp\/v2\/media?parent=372"}],"curies":[{"name":"wp","href":"https:\/\/api.w.org\/{rel}","templated":true}]}}