{"id":372,"date":"2022-12-16T09:31:42","date_gmt":"2022-12-16T08:31:42","guid":{"rendered":"https:\/\/villasferadolce.com\/?page_id=372"},"modified":"2026-01-27T08:56:07","modified_gmt":"2026-01-27T07:56:07","slug":"uber-uns","status":"publish","type":"page","link":"https:\/\/degrootesocieteit.com\/de\/over-ons\/","title":{"rendered":"\u00dcber uns"},"content":{"rendered":"<div data-elementor-type=\"wp-page\" data-elementor-id=\"372\" class=\"elementor elementor-372\" data-elementor-post-type=\"page\">\n\t\t\t\t<div class=\"elementor-element elementor-element-3591d48 e-con-full e-flex e-con e-parent\" data-id=\"3591d48\" data-element_type=\"container\" data-e-type=\"container\" data-settings=\"{&quot;jet_parallax_layout_list&quot;:[],&quot;background_background&quot;:&quot;gradient&quot;}\">\n\t\t<div class=\"elementor-element elementor-element-914c894 e-con-full e-flex e-con e-child\" data-id=\"914c894\" data-element_type=\"container\" data-e-type=\"container\" data-settings=\"{&quot;background_background&quot;:&quot;classic&quot;,&quot;jet_parallax_layout_list&quot;:[]}\">\n\t\t\t\t<\/div>\n\t\t\t\t<\/div>\n\t\t<div class=\"elementor-element elementor-element-51360c1 e-flex e-con-boxed e-con e-parent\" data-id=\"51360c1\" data-element_type=\"container\" data-e-type=\"container\" data-settings=\"{&quot;jet_parallax_layout_list&quot;:[],&quot;background_background&quot;:&quot;classic&quot;}\">\n\t\t\t\t\t<div class=\"e-con-inner\">\n\t\t<div class=\"elementor-element elementor-element-05cf377 e-con-full e-flex e-con e-child\" data-id=\"05cf377\" data-element_type=\"container\" data-e-type=\"container\" data-settings=\"{&quot;jet_parallax_layout_list&quot;:[],&quot;background_background&quot;:&quot;classic&quot;}\">\n\t\t<div class=\"elementor-element elementor-element-3832c8d e-con-full e-flex elementor-invisible e-con e-child\" data-id=\"3832c8d\" data-element_type=\"container\" data-e-type=\"container\" data-settings=\"{&quot;jet_parallax_layout_list&quot;:[],&quot;animation&quot;:&quot;fadeInRight&quot;}\">\n\t\t\t\t<div class=\"elementor-element elementor-element-effb49a elementor-widget elementor-widget-heading\" data-id=\"effb49a\" data-element_type=\"widget\" data-e-type=\"widget\" data-widget_type=\"heading.default\">\n\t\t\t\t<div class=\"elementor-widget-container\">\n\t\t\t\t\t<h2 class=\"elementor-heading-title elementor-size-default\">\u00dcber die Gesellschaft<\/h2>\t\t\t\t<\/div>\n\t\t\t\t<\/div>\n\t\t\t\t<div class=\"elementor-element elementor-element-d0eeda0 elementor-widget elementor-widget-text-editor\" data-id=\"d0eeda0\" data-element_type=\"widget\" data-e-type=\"widget\" data-widget_type=\"text-editor.default\">\n\t\t\t\t<div class=\"elementor-widget-container\">\n\t\t\t\t\t\t\t\t\t<p><a href=\"https:\/\/www.grootesocieteit-maastricht.nl\/\" target=\"_blank\" rel=\"noopener\">Die Groote Soci\u00ebteit und der Verein d' Eglantier <\/a>in Maastricht, gegr\u00fcndet 1760, war ein exklusiver M\u00e4nnerclub, dem prominente B\u00fcrger, Domherren und Soldaten angeh\u00f6rten. In einer eleganten und kultivierten Umgebung trafen sich die Mitglieder zu Getr\u00e4nken, Kartenspielen und Billard und zum Klatsch und Tratsch. Die Gesellschaft war auch stark in das kulturelle Leben der Stadt eingebunden, hatte Anteilseigner am Stadttheater und verf\u00fcgte \u00fcber eine beeindruckende Sammlung von Zeitungen und Zeitschriften. Weitere Informationen \u00fcber die aktuelle Gesellschaft finden Sie unter: <a href=\"https:\/\/www.grootesocieteit-maastricht.nl\/\" target=\"_blank\" rel=\"noopener\">https:\/\/www.grootesocieteit-maastricht.nl\/\u00a0<\/a><\/p>\t\t\t\t\t\t\t\t<\/div>\n\t\t\t\t<\/div>\n\t\t\t\t<\/div>\n\t\t\t\t<\/div>\n\t\t\t\t\t<\/div>\n\t\t\t\t<\/div>\n\t\t<div class=\"elementor-element elementor-element-665ce0a8 e-flex e-con-boxed e-con e-parent\" data-id=\"665ce0a8\" data-element_type=\"container\" data-e-type=\"container\" data-settings=\"{&quot;jet_parallax_layout_list&quot;:[],&quot;background_background&quot;:&quot;classic&quot;}\">\n\t\t\t\t\t<div class=\"e-con-inner\">\n\t\t<div class=\"elementor-element elementor-element-f598462 e-con-full e-flex e-con e-child\" data-id=\"f598462\" data-element_type=\"container\" data-e-type=\"container\" data-settings=\"{&quot;jet_parallax_layout_list&quot;:[]}\">\n\t\t<div class=\"elementor-element elementor-element-d6e1109 e-con-full e-flex e-con e-child\" data-id=\"d6e1109\" data-element_type=\"container\" data-e-type=\"container\" data-settings=\"{&quot;jet_parallax_layout_list&quot;:[],&quot;background_background&quot;:&quot;classic&quot;}\">\n\t\t\t\t<div class=\"elementor-element elementor-element-84d85b4 elementor-widget elementor-widget-image\" data-id=\"84d85b4\" data-element_type=\"widget\" data-e-type=\"widget\" data-widget_type=\"image.default\">\n\t\t\t\t<div class=\"elementor-widget-container\">\n\t\t\t\t\t\t\t\t\t\t\t\t\t\t\t<img fetchpriority=\"high\" decoding=\"async\" width=\"1920\" height=\"1280\" src=\"https:\/\/degrootesocieteit.com\/wp-content\/uploads\/2025\/04\/thumbnail_005_EnriqueMeesters_C-Forward_Demi-Joeri_HR_20250223.jpg\" class=\"attachment-full size-full wp-image-1727\" alt=\"\" srcset=\"https:\/\/degrootesocieteit.com\/wp-content\/uploads\/2025\/04\/thumbnail_005_EnriqueMeesters_C-Forward_Demi-Joeri_HR_20250223.jpg 1920w, https:\/\/degrootesocieteit.com\/wp-content\/uploads\/2025\/04\/thumbnail_005_EnriqueMeesters_C-Forward_Demi-Joeri_HR_20250223-300x200.jpg 300w, https:\/\/degrootesocieteit.com\/wp-content\/uploads\/2025\/04\/thumbnail_005_EnriqueMeesters_C-Forward_Demi-Joeri_HR_20250223-1024x683.jpg 1024w, https:\/\/degrootesocieteit.com\/wp-content\/uploads\/2025\/04\/thumbnail_005_EnriqueMeesters_C-Forward_Demi-Joeri_HR_20250223-768x512.jpg 768w, https:\/\/degrootesocieteit.com\/wp-content\/uploads\/2025\/04\/thumbnail_005_EnriqueMeesters_C-Forward_Demi-Joeri_HR_20250223-1536x1024.jpg 1536w, https:\/\/degrootesocieteit.com\/wp-content\/uploads\/2025\/04\/thumbnail_005_EnriqueMeesters_C-Forward_Demi-Joeri_HR_20250223-18x12.jpg 18w\" sizes=\"(max-width: 1920px) 100vw, 1920px\" \/>\t\t\t\t\t\t\t\t\t\t\t\t\t\t\t<\/div>\n\t\t\t\t<\/div>\n\t\t\t\t<\/div>\n\t\t<div class=\"elementor-element elementor-element-bad149d e-con-full e-flex e-con e-child\" data-id=\"bad149d\" data-element_type=\"container\" data-e-type=\"container\" data-settings=\"{&quot;jet_parallax_layout_list&quot;:[],&quot;background_background&quot;:&quot;classic&quot;}\">\n\t\t\t\t<div class=\"elementor-element elementor-element-3bbae190 elementor-widget elementor-widget-heading\" data-id=\"3bbae190\" data-element_type=\"widget\" data-e-type=\"widget\" data-widget_type=\"heading.default\">\n\t\t\t\t<div class=\"elementor-widget-container\">\n\t\t\t\t\t<h2 class=\"elementor-heading-title elementor-size-default\">3 Pr\u00e4chtige S\u00e4le<\/h2>\t\t\t\t<\/div>\n\t\t\t\t<\/div>\n\t\t\t\t<div class=\"elementor-element elementor-element-44067533 elementor-widget elementor-widget-text-editor\" data-id=\"44067533\" data-element_type=\"widget\" data-e-type=\"widget\" data-widget_type=\"text-editor.default\">\n\t\t\t\t<div class=\"elementor-widget-container\">\n\t\t\t\t\t\t\t\t\t<p>Die Groote Soci\u00ebteit verf\u00fcgt \u00fcber drei einzigartige R\u00e4ume mit eigenem Charme und Exklusivit\u00e4t. Im Erdgeschoss befindet sich der Balzaal mit Blick auf den romantischen Vrijthof-Platz. Angrenzend an den Ballsaal befindet sich der Living Room mit einer klassischen Bar. Im ersten Stock befindet sich der Meeting Room mit eigener Bar und sanit\u00e4ren Anlagen.\u00a0<\/p>\t\t\t\t\t\t\t\t<\/div>\n\t\t\t\t<\/div>\n\t\t\t\t<div class=\"elementor-element elementor-element-6ac8f49 elementor-widget elementor-widget-spacer\" data-id=\"6ac8f49\" data-element_type=\"widget\" data-e-type=\"widget\" data-widget_type=\"spacer.default\">\n\t\t\t\t<div class=\"elementor-widget-container\">\n\t\t\t\t\t\t\t<div class=\"elementor-spacer\">\n\t\t\t<div class=\"elementor-spacer-inner\"><\/div>\n\t\t<\/div>\n\t\t\t\t\t\t<\/div>\n\t\t\t\t<\/div>\n\t\t\t\t<div class=\"elementor-element elementor-element-35a00088 elementor-widget elementor-widget-heading\" data-id=\"35a00088\" data-element_type=\"widget\" data-e-type=\"widget\" data-widget_type=\"heading.default\">\n\t\t\t\t<div class=\"elementor-widget-container\">\n\t\t\t\t\t<h2 class=\"elementor-heading-title elementor-size-default\">F\u00fcr jede Art von Veranstaltung<\/h2>\t\t\t\t<\/div>\n\t\t\t\t<\/div>\n\t\t\t\t<div class=\"elementor-element elementor-element-520f12e4 elementor-widget elementor-widget-text-editor\" data-id=\"520f12e4\" data-element_type=\"widget\" data-e-type=\"widget\" data-widget_type=\"text-editor.default\">\n\t\t\t\t<div class=\"elementor-widget-container\">\n\t\t\t\t\t\t\t\t\t<p>Mit ihrer sch\u00f6nen und zentralen Lage ist die Groote Soci\u00ebteit ein einzigartiger Veranstaltungsort f\u00fcr Vortr\u00e4ge, Empf\u00e4nge, Pr\u00e4sentationen, Sitzungen und Kaffeetafeln. Die stilvollen R\u00e4ume bieten ein wunderbares Ambiente f\u00fcr Partys, (Baby-)Drinks und Auff\u00fchrungen. Sie empfangen Ihre G\u00e4ste, Kunden oder Mitarbeiter in einer Atmosph\u00e4re aus dem 19. Jahrhundert mit allen modernen Einrichtungen.<\/p>\t\t\t\t\t\t\t\t<\/div>\n\t\t\t\t<\/div>\n\t\t\t\t<div class=\"elementor-element elementor-element-ce226ea elementor-widget elementor-widget-spacer\" data-id=\"ce226ea\" data-element_type=\"widget\" data-e-type=\"widget\" data-widget_type=\"spacer.default\">\n\t\t\t\t<div class=\"elementor-widget-container\">\n\t\t\t\t\t\t\t<div class=\"elementor-spacer\">\n\t\t\t<div class=\"elementor-spacer-inner\"><\/div>\n\t\t<\/div>\n\t\t\t\t\t\t<\/div>\n\t\t\t\t<\/div>\n\t\t\t\t<\/div>\n\t\t\t\t<\/div>\n\t\t\t\t\t<\/div>\n\t\t\t\t<\/div>\n\t\t<div class=\"elementor-element elementor-element-6709c217 e-flex e-con-boxed e-con e-parent\" data-id=\"6709c217\" data-element_type=\"container\" data-e-type=\"container\" data-settings=\"{&quot;background_background&quot;:&quot;classic&quot;,&quot;jet_parallax_layout_list&quot;:[]}\">\n\t\t\t\t\t<div class=\"e-con-inner\">\n\t\t<div class=\"elementor-element elementor-element-f47df1 e-con-full e-flex e-con e-child\" data-id=\"f47df1\" data-element_type=\"container\" data-e-type=\"container\" data-settings=\"{&quot;jet_parallax_layout_list&quot;:[]}\">\n\t\t\t\t<div class=\"elementor-element elementor-element-69302a90 elementor-widget elementor-widget-text-editor\" data-id=\"69302a90\" data-element_type=\"widget\" data-e-type=\"widget\" data-widget_type=\"text-editor.default\">\n\t\t\t\t<div class=\"elementor-widget-container\">\n\t\t\t\t\t\t\t\t\t<p>Wunderbare Geschichte<\/p>\t\t\t\t\t\t\t\t<\/div>\n\t\t\t\t<\/div>\n\t\t\t\t<div class=\"elementor-element elementor-element-56c0aed6 elementor-widget elementor-widget-heading\" data-id=\"56c0aed6\" data-element_type=\"widget\" data-e-type=\"widget\" data-widget_type=\"heading.default\">\n\t\t\t\t<div class=\"elementor-widget-container\">\n\t\t\t\t\t<h2 class=\"elementor-heading-title elementor-size-default\">Kulturelles Erbe<\/h2>\t\t\t\t<\/div>\n\t\t\t\t<\/div>\n\t\t\t\t<div class=\"elementor-element elementor-element-391e5006 elementor-widget elementor-widget-text-editor\" data-id=\"391e5006\" data-element_type=\"widget\" data-e-type=\"widget\" data-widget_type=\"text-editor.default\">\n\t\t\t\t<div class=\"elementor-widget-container\">\n\t\t\t\t\t\t\t\t\t<p>Neben ihren Aktivit\u00e4ten in der Stadt verf\u00fcgte die Gesellschaft auch \u00fcber ein sch\u00f6nes Landhaus namens Slavante, in dem Open-Air-Konzerte stattfanden. W\u00e4hrend des Zweiten Weltkriegs wurde das Geb\u00e4ude besch\u00e4digt und gepl\u00fcndert, aber nach dem Krieg erholte sich die Gesellschaft und wuchs weiter. Heute ist die Mitgliedschaft leichter zug\u00e4nglich, und die Groote Soci\u00ebteit ist nach wie vor ein lebendiger Teil des kulturellen Erbes von Maastricht, wo die Mitglieder zusammenkommen, um die Traditionen fortzuf\u00fchren und die herzliche Gemeinschaft zu genie\u00dfen, die diese historische Gesellschaft bietet.<\/p>\t\t\t\t\t\t\t\t<\/div>\n\t\t\t\t<\/div>\n\t\t\t\t<\/div>\n\t\t<div class=\"elementor-element elementor-element-3a0494f2 e-con-full e-flex e-con e-child\" data-id=\"3a0494f2\" data-element_type=\"container\" data-e-type=\"container\" data-settings=\"{&quot;jet_parallax_layout_list&quot;:[]}\">\n\t\t\t\t<div class=\"elementor-element elementor-element-1329b306 elementor-widget elementor-widget-image\" data-id=\"1329b306\" data-element_type=\"widget\" data-e-type=\"widget\" data-widget_type=\"image.default\">\n\t\t\t\t<div class=\"elementor-widget-container\">\n\t\t\t\t\t\t\t\t\t\t\t\t\t\t\t<img decoding=\"async\" width=\"2560\" height=\"1707\" src=\"https:\/\/degrootesocieteit.com\/wp-content\/uploads\/2026\/01\/058_EnriqueMeesters_DeGrooteSociteit_HR_20251105-1.webp\" class=\"attachment-full size-full wp-image-1759\" alt=\"\" srcset=\"https:\/\/degrootesocieteit.com\/wp-content\/uploads\/2026\/01\/058_EnriqueMeesters_DeGrooteSociteit_HR_20251105-1.webp 2560w, https:\/\/degrootesocieteit.com\/wp-content\/uploads\/2026\/01\/058_EnriqueMeesters_DeGrooteSociteit_HR_20251105-1-300x200.webp 300w, https:\/\/degrootesocieteit.com\/wp-content\/uploads\/2026\/01\/058_EnriqueMeesters_DeGrooteSociteit_HR_20251105-1-1024x683.webp 1024w, https:\/\/degrootesocieteit.com\/wp-content\/uploads\/2026\/01\/058_EnriqueMeesters_DeGrooteSociteit_HR_20251105-1-768x512.webp 768w, https:\/\/degrootesocieteit.com\/wp-content\/uploads\/2026\/01\/058_EnriqueMeesters_DeGrooteSociteit_HR_20251105-1-1536x1024.webp 1536w, https:\/\/degrootesocieteit.com\/wp-content\/uploads\/2026\/01\/058_EnriqueMeesters_DeGrooteSociteit_HR_20251105-1-2048x1366.webp 2048w, https:\/\/degrootesocieteit.com\/wp-content\/uploads\/2026\/01\/058_EnriqueMeesters_DeGrooteSociteit_HR_20251105-1-18x12.webp 18w\" sizes=\"(max-width: 2560px) 100vw, 2560px\" \/>\t\t\t\t\t\t\t\t\t\t\t\t\t\t\t<\/div>\n\t\t\t\t<\/div>\n\t\t\t\t<\/div>\n\t\t\t\t\t<\/div>\n\t\t\t\t<\/div>\n\t\t\t\t<\/div>","protected":false},"excerpt":{"rendered":"<p>Over de soci\u00ebteit De Vereniging Groote Soci\u00ebteit en d&#8217; Eglantier in Maastricht, opgericht in 1760, was een exclusieve mannenclub waar vooraanstaande burgers, kanunniken en militairen lid van waren. In een elegante en verfijnde omgeving kwamen de leden samen om te genieten van drankjes, kaartspellen en biljart, en om te roddelen. De soci\u00ebteit had ook een [&hellip;]<\/p>\n","protected":false},"author":1,"featured_media":0,"parent":0,"menu_order":0,"comment_status":"closed","ping_status":"closed","template":"elementor_header_footer","meta":{"footnotes":""},"class_list":["post-372","page","type-page","status-publish","hentry"],"_links":{"self":[{"href":"https:\/\/degrootesocieteit.com\/de\/wp-json\/wp\/v2\/pages\/372","targetHints":{"allow":["GET"]}}],"collection":[{"href":"https:\/\/degrootesocieteit.com\/de\/wp-json\/wp\/v2\/pages"}],"about":[{"href":"https:\/\/degrootesocieteit.com\/de\/wp-json\/wp\/v2\/types\/page"}],"author":[{"embeddable":true,"href":"https:\/\/degrootesocieteit.com\/de\/wp-json\/wp\/v2\/users\/1"}],"replies":[{"embeddable":true,"href":"https:\/\/degrootesocieteit.com\/de\/wp-json\/wp\/v2\/comments?post=372"}],"version-history":[{"count":8,"href":"https:\/\/degrootesocieteit.com\/de\/wp-json\/wp\/v2\/pages\/372\/revisions"}],"predecessor-version":[{"id":1762,"href":"https:\/\/degrootesocieteit.com\/de\/wp-json\/wp\/v2\/pages\/372\/revisions\/1762"}],"wp:attachment":[{"href":"https:\/\/degrootesocieteit.com\/de\/wp-json\/wp\/v2\/media?parent=372"}],"curies":[{"name":"wp","href":"https:\/\/api.w.org\/{rel}","templated":true}]}}